{"id":24,"date":"2020-06-09T18:19:50","date_gmt":"2020-06-09T18:19:50","guid":{"rendered":"http:\/\/residencedelarive.com\/V2\/?page_id=24"},"modified":"2021-02-11T02:01:23","modified_gmt":"2021-02-11T02:01:23","slug":"faq","status":"publish","type":"page","link":"https:\/\/www.residencemaryelizabeth.com\/en\/faq\/","title":{"rendered":"FAQ"},"content":{"rendered":"<section class=\"wpb-content-wrapper\"><p>[vc_section][vc_row row_height_percent=\u00a0\u00bb0&Prime; overlay_alpha=\u00a0\u00bb50&Prime; gutter_size=\u00a0\u00bb3&Prime; column_width_percent=\u00a0\u00bb100&Prime; shift_y=\u00a0\u00bb0&Prime; z_index=\u00a0\u00bb0&Prime; mobile_visibility=\u00a0\u00bbyes\u00a0\u00bb][vc_column column_width_percent=\u00a0\u00bb100&Prime; position_vertical=\u00a0\u00bbmiddle\u00a0\u00bb align_horizontal=\u00a0\u00bbalign_right\u00a0\u00bb gutter_size=\u00a0\u00bb3&Prime; overlay_alpha=\u00a0\u00bb50&Prime; shift_x=\u00a0\u00bb0&Prime; shift_y=\u00a0\u00bb0&Prime; shift_y_down=\u00a0\u00bb0&Prime; z_index=\u00a0\u00bb0&Prime; medium_width=\u00a0\u00bb0&Prime; mobile_width=\u00a0\u00bb0&Prime; width=\u00a0\u00bb2\/6&Prime;][vc_custom_heading heading_semantic=\u00a0\u00bbh3&Prime; text_size=\u00a0\u00bbh3&Prime;]Des questions ?[\/vc_custom_heading][\/vc_column][vc_column column_width_percent=\u00a0\u00bb100&Prime; position_vertical=\u00a0\u00bbmiddle\u00a0\u00bb gutter_size=\u00a0\u00bb3&Prime; overlay_alpha=\u00a0\u00bb50&Prime; shift_x=\u00a0\u00bb0&Prime; shift_y=\u00a0\u00bb0&Prime; shift_y_down=\u00a0\u00bb0&Prime; z_index=\u00a0\u00bb0&Prime; medium_width=\u00a0\u00bb0&Prime; mobile_width=\u00a0\u00bb0&Prime; width=\u00a0\u00bb3\/6&Prime;][vc_column_text]L&rsquo;\u00e9quipe de la r\u00e9sidence Mary-Elizabeth est l\u00e0 pour vous guider dans le processus de recherche de votre nouvelle r\u00e9sidence. Nous sommes l\u00e0 pour vous aider \u00e0 prendre des choix \u00e9clair\u00e9s afin que vous soyez confortable.[\/vc_column_text][\/vc_column][vc_column width=\u00a0\u00bb1\/6&Prime;][\/vc_column][\/vc_row][vc_row row_height_percent=\u00a0\u00bb0&Prime; overlay_alpha=\u00a0\u00bb50&Prime; gutter_size=\u00a0\u00bb3&Prime; column_width_percent=\u00a0\u00bb100&Prime; shift_y=\u00a0\u00bb0&Prime; z_index=\u00a0\u00bb0&Prime; desktop_visibility=\u00a0\u00bbyes\u00a0\u00bb medium_visibility=\u00a0\u00bbyes\u00a0\u00bb][vc_column column_width_percent=\u00a0\u00bb100&Prime; position_vertical=\u00a0\u00bbmiddle\u00a0\u00bb align_horizontal=\u00a0\u00bbalign_center\u00a0\u00bb gutter_size=\u00a0\u00bb3&Prime; overlay_alpha=\u00a0\u00bb50&Prime; shift_x=\u00a0\u00bb0&Prime; shift_y=\u00a0\u00bb0&Prime; shift_y_down=\u00a0\u00bb0&Prime; z_index=\u00a0\u00bb0&Prime; medium_width=\u00a0\u00bb0&Prime; mobile_width=\u00a0\u00bb0&Prime; width=\u00a0\u00bb2\/6&Prime;][vc_custom_heading heading_semantic=\u00a0\u00bbh3&Prime; text_size=\u00a0\u00bbh3&Prime;]Des questions ?[\/vc_custom_heading][\/vc_column][vc_column column_width_percent=\u00a0\u00bb100&Prime; position_vertical=\u00a0\u00bbmiddle\u00a0\u00bb align_horizontal=\u00a0\u00bbalign_center\u00a0\u00bb gutter_size=\u00a0\u00bb3&Prime; overlay_alpha=\u00a0\u00bb50&Prime; shift_x=\u00a0\u00bb0&Prime; shift_y=\u00a0\u00bb0&Prime; shift_y_down=\u00a0\u00bb0&Prime; z_index=\u00a0\u00bb0&Prime; medium_width=\u00a0\u00bb0&Prime; mobile_width=\u00a0\u00bb0&Prime; width=\u00a0\u00bb3\/6&Prime;][vc_column_text]L&rsquo;\u00e9quipe des Appartements de la Rive sont l\u00e0 pour vous guider dans le processus de recherche de votre nouvelle r\u00e9sidence. Nous sommes l\u00e0 pour vous aider \u00e0 prendre des choix \u00e9clair\u00e9s afin que vous soyez confortable.[\/vc_column_text][\/vc_column][vc_column width=\u00a0\u00bb1\/6&Prime;][\/vc_column][\/vc_row][vc_row][vc_column width=\u00a0\u00bb1\/1&Prime;][vc_column_text]<style type=\"text\/css\"> #sp-ea-79 .spcollapsing { height: 0; overflow: hidden; transition-property: height;transition-duration: 500ms;} .sp-easy-accordion iframe {width: 100%;}#sp-ea-79.sp-easy-accordion  .sp-ea-single {border: 1px solid #e2e2e2; }#sp-ea-79.sp-easy-accordion  .sp-ea-single  .ea-header a {color: #444;}#sp-ea-79.sp-easy-accordion  .sp-ea-single .ea-body {background: #fff; color: #444;}#sp-ea-79.sp-easy-accordion  .sp-ea-single {background: #eee;}#sp-ea-79.sp-easy-accordion  .sp-ea-single  .ea-header a .ea-expand-icon.fa { float: left; color: #444;font-size: 16px;}<\/style><div id=\"sp-ea-79\" class=\"sp-ea-one sp-easy-accordion\" data-ex-icon=\"fa-minus\" data-col-icon=\"fa-plus\"  data-ea-active=\"ea-click\"  data-ea-mode=\"vertical\" data-preloader=\"\"><div class=\"ea-card ea-expand sp-ea-single\"><h3 class=\"ea-header\"><a class=\"collapsed\" data-sptoggle=\"spcollapse\" data-sptarget=\"#collapse790\" href=\"\"><i class=\"ea-expand-icon fa fa-minus\"><\/i> Can I afford an apartment here?<\/a><\/h3><div class=\"sp-collapse spcollapse collapsed show\" id=\"collapse790\" data-parent=\"#sp-ea-79\"><div class=\"ea-body\"> <p>Before answering this question, you must first define your expectations. What size of apartment are you looking for? The Mary-Elizabeth Residence offers you studios or apartments with one or two bedrooms. Obviously, the cost of renting each of these apartments is directly proportional to its size.<\/p>\n<p>In addition, if you currently own a property, several direct and indirect costs are related to it. For example, you invest large amounts each year, whether it be municipal or school taxes or costs for heating. You also have to pay maintenance costs, think of the various repairs your property requires over time or seasonal needs such as snow removal or maintenance of your lawn and your landscaping. All this without mentioning the time you invest personally. In addition, the repayment of your mortgage does not give you access to your capital. This shortfall is significant: for a property of $ 175,000, at a rate of 5% annually, it comes to an amount of $ 8,750. If you consider this amount, in addition to the direct and indirect costs related to your home, you can certainly afford an apartment here. In short, by choosing the Mary-Elizabeth residence, you will be able to save many of these direct and indirect costs related to your property in addition to having the time and peace of mind to take advantage of the services offered.<\/p>\n<p>If at the moment you live in an apartment, it is possible that the price for the same apartment size here is higher. However, you must consider the full range of services offered, either in your apartment, in the residential complex or even nearby. Also, you must consider your safety: emergency call system in your apartment, day and night surveillance, controlled entrances ... These are important details that will give you peace of mind and make you feel at home.<\/p>\n<p>In addition, if you are 70 years of age or over, you may have access to\u00a0<a href=\"http:\/\/www4.gouv.qc.ca\/FR\/Portail\/Citoyens\/Evenements\/perdre-son-autonomie\/Pages\/credit-impot-maintien-domicile.aspx\">tax credit offered by the Quebec government.<\/a>\u00a0This allows you to lower your costs and get the services you need at a lower cost.<\/p>\n <\/div><\/div><\/div><div class=\"ea-card  sp-ea-single\"><h3 class=\"ea-header\"><a class=\"collapsed\" data-sptoggle=\"spcollapse\" data-sptarget=\"#collapse791\" href=\"\"><i class=\"ea-expand-icon fa fa-plus\"><\/i> Puis-je profiter du programme de cr\u00e9dit d\u2019imp\u00f4t du gouvernement du Qu\u00e9bec ?<\/a><\/h3><div class=\"sp-collapse spcollapse\" id=\"collapse791\" data-parent=\"#sp-ea-79\"><div class=\"ea-body\"> <p>Les personnes de 70 ans et plus peuvent en effet b\u00e9n\u00e9ficier du programme de cr\u00e9dit d\u2019imp\u00f4t si elles r\u00e9pondent \u00e0 certaines conditions. Le cr\u00e9dit d\u2019imp\u00f4t correspond \u00e0 un pourcentage des d\u00e9penses admissibles effectu\u00e9es pour recevoir des services de soutien \u00e0 domicile. Si vous y \u00eates admissible, la r\u00e9sidence Mary-Elizabeth l\u2019administrera sans probl\u00e8me. Vous pouvez obtenir plus d\u2019information sur le programme de cr\u00e9dit d\u2019imp\u00f4t du gouvernement du Qu\u00e9bec en vous rendant sur le site Internet de\u00a0<a href=\"http:\/\/www4.gouv.qc.ca\/FR\/Portail\/Citoyens\/Evenements\/perdre-son-autonomie\/Pages\/credit-impot-maintien-domicile.aspx\">Revenu Qu\u00e9bec<\/a>.<\/p>\n <\/div><\/div><\/div><div class=\"ea-card  sp-ea-single\"><h3 class=\"ea-header\"><a class=\"collapsed\" data-sptoggle=\"spcollapse\" data-sptarget=\"#collapse792\" href=\"\"><i class=\"ea-expand-icon fa fa-plus\"><\/i> Puis-je inviter ma famille, mes enfants ou encore mes amis comme bon me semble ?<\/a><\/h3><div class=\"sp-collapse spcollapse\" id=\"collapse792\" data-parent=\"#sp-ea-79\"><div class=\"ea-body\"> <p>Vous pouvez inviter votre famille, vos amis ou encore vos enfants au moment qui vous convient. Apr\u00e8s tout, vous \u00eates chez vous\u00a0!<\/p>\n <\/div><\/div><\/div><div class=\"ea-card  sp-ea-single\"><h3 class=\"ea-header\"><a class=\"collapsed\" data-sptoggle=\"spcollapse\" data-sptarget=\"#collapse793\" href=\"\"><i class=\"ea-expand-icon fa fa-plus\"><\/i> Puis-je rentrer \u00e0 l\u2019heure que je veux ?<\/a><\/h3><div class=\"sp-collapse spcollapse\" id=\"collapse793\" data-parent=\"#sp-ea-79\"><div class=\"ea-body\"> <p>\u00c0 la r\u00e9sidence Mary-Elizabeth, il n\u2019y a pas de couvre-feu ou de fermeture permanente des portes d\u2019acc\u00e8s. Vous pouvez circuler \u00e0 votre guise et aux heures qui vous conviennent.<\/p>\n <\/div><\/div><\/div><div class=\"ea-card  sp-ea-single\"><h3 class=\"ea-header\"><a class=\"collapsed\" data-sptoggle=\"spcollapse\" data-sptarget=\"#collapse794\" href=\"\"><i class=\"ea-expand-icon fa fa-plus\"><\/i> Qu\u2019est-ce qui est inclus dans le co\u00fbt de mon loyer ?<\/a><\/h3><div class=\"sp-collapse spcollapse\" id=\"collapse794\" data-parent=\"#sp-ea-79\"><div class=\"ea-body\"> <p>Chaque appartement d\u2019une ou de deux chambres \u00e0 coucher vous offre diff\u00e9rentes commodit\u00e9s comme le chauffage, l\u2019\u00e9lectricit\u00e9, la c\u00e2blodistribution et le syst\u00e8me d\u2019appel d\u2019urgence. Vous pouvez \u00e9galement b\u00e9n\u00e9ficier d\u2019autres services, moyennant des frais suppl\u00e9mentaires, comme la distribution de m\u00e9dicaments ou encore le service d\u2019entretien m\u00e9nager.<\/p>\n<p>Vous avez \u00e9galement acc\u00e8s \u00e0 divers services. Que ce soit la biblioth\u00e8que, la salle polyvalente, la salle de billard ou encore le cin\u00e9ma maison, vous pouvez profiter gratuitement de tous ces endroits. Vous pouvez aussi participer aux activit\u00e9s organis\u00e9es hebdomadairement. La plupart de ces activit\u00e9s sont gratuites.<\/p>\n<p>Pour assurer votre confort et votre tranquillit\u00e9 d\u2019esprit, un personnel qualifi\u00e9 est pr\u00e9sent 24 heures par jour et vous pouvez rencontrer le personnel infirmer 7 jours par semaine.<\/p>\n <\/div><\/div><\/div><div class=\"ea-card  sp-ea-single\"><h3 class=\"ea-header\"><a class=\"collapsed\" data-sptoggle=\"spcollapse\" data-sptarget=\"#collapse795\" href=\"\"><i class=\"ea-expand-icon fa fa-plus\"><\/i> Suis-je oblig\u00e9 de participer aux activit\u00e9s ?<\/a><\/h3><div class=\"sp-collapse spcollapse\" id=\"collapse795\" data-parent=\"#sp-ea-79\"><div class=\"ea-body\"> <p>Vous \u00eates invit\u00e9 \u00e0 participer aux activit\u00e9s, mais vous n\u2019\u00eates pas oblig\u00e9. Libre \u00e0 vous de choisir l\u2019intimit\u00e9 de votre appartement ou encore de socialiser avec les autres personnes habitant \u00e0 la r\u00e9sidence Mary-Elizabeth. Quant aux activit\u00e9s, vous pouvez non seulement y participer, mais vous avez le loisir de vous impliquer pour les organiser. Il y en aura pour tous les go\u00fbts : qu\u2019il s\u2019agisse d\u2019activit\u00e9s sportives ou encore \u00e0 caract\u00e8re plus intellectuel ou m\u00eame d\u2019activit\u00e9s pour vous permettre simplement de rencontrer des gens\u00a0! C\u2019est chez vous et, surtout, c\u2019est pour vous\u00a0!<\/p>\n <\/div><\/div><\/div><div class=\"ea-card  sp-ea-single\"><h3 class=\"ea-header\"><a class=\"collapsed\" data-sptoggle=\"spcollapse\" data-sptarget=\"#collapse796\" href=\"\"><i class=\"ea-expand-icon fa fa-plus\"><\/i> Y a-t-il des services de sant\u00e9 sur place ?<\/a><\/h3><div class=\"sp-collapse spcollapse\" id=\"collapse796\" data-parent=\"#sp-ea-79\"><div class=\"ea-body\"> <p>Absolument. Vous avez acc\u00e8s \u00e0 un cabinet de consultation m\u00e9dicale en semaine. Un personnel infirmier est pr\u00e9sent 7 jours, 24 heures.<\/p>\n <\/div><\/div><\/div><\/div>[\/vc_column_text][\/vc_column][\/vc_row][\/vc_section][vc_section back_color=\u00a0\u00bbcolor-768005&Prime; overlay_alpha=\u00a0\u00bb50&Prime; mobile_visibility=\u00a0\u00bbyes\u00a0\u00bb][vc_row][vc_column column_width_percent=\u00a0\u00bb100&Prime; position_vertical=\u00a0\u00bbmiddle\u00a0\u00bb gutter_size=\u00a0\u00bb3&Prime; style=\u00a0\u00bbdark\u00a0\u00bb overlay_alpha=\u00a0\u00bb50&Prime; shift_x=\u00a0\u00bb0&Prime; shift_y=\u00a0\u00bb0&Prime; shift_y_down=\u00a0\u00bb0&Prime; z_index=\u00a0\u00bb0&Prime; medium_width=\u00a0\u00bb0&Prime; mobile_width=\u00a0\u00bb0&Prime; width=\u00a0\u00bb4\/6&Prime;][vc_custom_heading heading_semantic=\u00a0\u00bbh4&Prime; text_size=\u00a0\u00bbh4&Prime;]Appelez-nous maintenant afin de connaitre nos disponibilit\u00e9s[\/vc_custom_heading][\/vc_column][vc_column column_width_percent=\u00a0\u00bb100&Prime; position_vertical=\u00a0\u00bbmiddle\u00a0\u00bb align_horizontal=\u00a0\u00bbalign_center\u00a0\u00bb gutter_size=\u00a0\u00bb3&Prime; overlay_alpha=\u00a0\u00bb50&Prime; shift_x=\u00a0\u00bb0&Prime; shift_y=\u00a0\u00bb0&Prime; shift_y_down=\u00a0\u00bb0&Prime; z_index=\u00a0\u00bb0&Prime; medium_width=\u00a0\u00bb0&Prime; mobile_width=\u00a0\u00bb0&Prime; width=\u00a0\u00bb2\/6&Prime;][vc_button button_color=\u00a0\u00bbcolor-850213&Prime; border_width=\u00a0\u00bb0&Prime; link=\u00a0\u00bburl:tel%3A4506995959|||\u00a0\u00bb]+1 (450) 699-5959[\/vc_button][\/vc_column][\/vc_row][\/vc_section][vc_section back_color=\u00a0\u00bbcolor-768005&Prime; overlay_alpha=\u00a0\u00bb50&Prime; desktop_visibility=\u00a0\u00bbyes\u00a0\u00bb medium_visibility=\u00a0\u00bbyes\u00a0\u00bb][vc_row][vc_column column_width_percent=\u00a0\u00bb100&Prime; position_vertical=\u00a0\u00bbmiddle\u00a0\u00bb align_horizontal=\u00a0\u00bbalign_center\u00a0\u00bb gutter_size=\u00a0\u00bb3&Prime; style=\u00a0\u00bbdark\u00a0\u00bb overlay_alpha=\u00a0\u00bb50&Prime; shift_x=\u00a0\u00bb0&Prime; shift_y=\u00a0\u00bb0&Prime; shift_y_down=\u00a0\u00bb0&Prime; z_index=\u00a0\u00bb0&Prime; medium_width=\u00a0\u00bb0&Prime; mobile_width=\u00a0\u00bb0&Prime; width=\u00a0\u00bb4\/6&Prime;][vc_custom_heading heading_semantic=\u00a0\u00bbh4&Prime; text_size=\u00a0\u00bbh4&Prime;]Appelez-nous maintenant afin de connaitre nos disponibilit\u00e9s[\/vc_custom_heading][\/vc_column][vc_column column_width_percent=\u00a0\u00bb100&Prime; position_vertical=\u00a0\u00bbmiddle\u00a0\u00bb align_horizontal=\u00a0\u00bbalign_center\u00a0\u00bb gutter_size=\u00a0\u00bb3&Prime; overlay_alpha=\u00a0\u00bb50&Prime; shift_x=\u00a0\u00bb0&Prime; shift_y=\u00a0\u00bb0&Prime; shift_y_down=\u00a0\u00bb0&Prime; z_index=\u00a0\u00bb0&Prime; medium_width=\u00a0\u00bb0&Prime; mobile_width=\u00a0\u00bb0&Prime; width=\u00a0\u00bb2\/6&Prime;][vc_button button_color=\u00a0\u00bbcolor-850213&Prime; border_width=\u00a0\u00bb0&Prime; link=\u00a0\u00bburl:tel%3A4506277474|||\u00a0\u00bb]+1 (450) 627-7474[\/vc_button][\/vc_column][\/vc_row][\/vc_section][vc_row row_height_percent=\u00a0\u00bb0&Prime; override_padding=\u00a0\u00bbyes\u00a0\u00bb h_padding=\u00a0\u00bb2&Prime; top_padding=\u00a0\u00bb7&Prime; bottom_padding=\u00a0\u00bb7&Prime; back_color=\u00a0\u00bbcolor-520684&Prime; overlay_alpha=\u00a0\u00bb100&Prime; gutter_size=\u00a0\u00bb4&Prime; column_width_percent=\u00a0\u00bb100&Prime; shift_y=\u00a0\u00bb0&Prime; z_index=\u00a0\u00bb0&Prime; mobile_visibility=\u00a0\u00bbyes\u00a0\u00bb][vc_column column_width_percent=\u00a0\u00bb100&Prime; position_horizontal=\u00a0\u00bbleft\u00a0\u00bb gutter_size=\u00a0\u00bb3&Prime; style=\u00a0\u00bbdark\u00a0\u00bb overlay_alpha=\u00a0\u00bb100&Prime; shift_x=\u00a0\u00bb0&Prime; shift_y=\u00a0\u00bb0&Prime; z_index=\u00a0\u00bb0&Prime; medium_width=\u00a0\u00bb3&Prime; mobile_width=\u00a0\u00bb0&Prime; zoom_width=\u00a0\u00bb0&Prime; zoom_height=\u00a0\u00bb0&Prime; width=\u00a0\u00bb1\/4&Prime;][vc_single_image media=\u00a0\u00bb402&Prime; media_width_percent=\u00a0\u00bb60&Prime;][\/vc_column][vc_column column_width_percent=\u00a0\u00bb100&Prime; position_horizontal=\u00a0\u00bbleft\u00a0\u00bb gutter_size=\u00a0\u00bb3&Prime; style=\u00a0\u00bbdark\u00a0\u00bb overlay_alpha=\u00a0\u00bb100&Prime; shift_x=\u00a0\u00bb0&Prime; shift_y=\u00a0\u00bb0&Prime; z_index=\u00a0\u00bb0&Prime; medium_width=\u00a0\u00bb3&Prime; zoom_width=\u00a0\u00bb0&Prime; zoom_height=\u00a0\u00bb0&Prime; width=\u00a0\u00bb1\/4&Prime;][vc_custom_heading heading_semantic=\u00a0\u00bbh5&Prime; text_size=\u00a0\u00bbh5&Prime;]Liens rapides[\/vc_custom_heading][uncode_list icon=\u00a0\u00bbfa fa-arrow-right3&Prime;]<\/p>\n<ul>\n<li><a href=\"#\" rel=\"nofollow noopener\">Home<\/a><\/li>\n<li><a href=\"#\" rel=\"nofollow noopener\">Plans<\/a><\/li>\n<li><a href=\"#\" rel=\"nofollow noopener\">Media<\/a><\/li>\n<li><a href=\"#\" rel=\"nofollow noopener\">FAQ<\/a><\/li>\n<\/ul>\n<p>[\/uncode_list][\/vc_column][vc_column column_width_percent=\u00a0\u00bb100&Prime; position_horizontal=\u00a0\u00bbleft\u00a0\u00bb gutter_size=\u00a0\u00bb3&Prime; style=\u00a0\u00bbdark\u00a0\u00bb overlay_alpha=\u00a0\u00bb100&Prime; shift_x=\u00a0\u00bb0&Prime; shift_y=\u00a0\u00bb0&Prime; z_index=\u00a0\u00bb0&Prime; medium_visibility=\u00a0\u00bbyes\u00a0\u00bb medium_width=\u00a0\u00bb2&Prime; mobile_width=\u00a0\u00bb0&Prime; zoom_width=\u00a0\u00bb0&Prime; zoom_height=\u00a0\u00bb0&Prime; width=\u00a0\u00bb1\/4&Prime;][vc_custom_heading heading_semantic=\u00a0\u00bbh5&Prime; text_size=\u00a0\u00bbh5&Prime;]La r\u00e9sidence[\/vc_custom_heading][vc_column_text]<\/p>\n<div id=\"subfooter\">20, Place Mary-Elizabeth-Noonan, Ch\u00e2teauguay<\/div>\n<div>(Qu\u00e9bec) J6J 0B4<\/div>\n<p>[\/vc_column_text][\/vc_column][vc_column column_width_percent=\u00a0\u00bb100&Prime; position_horizontal=\u00a0\u00bbleft\u00a0\u00bb gutter_size=\u00a0\u00bb3&Prime; style=\u00a0\u00bbdark\u00a0\u00bb overlay_alpha=\u00a0\u00bb100&Prime; shift_x=\u00a0\u00bb0&Prime; shift_y=\u00a0\u00bb0&Prime; z_index=\u00a0\u00bb0&Prime; medium_width=\u00a0\u00bb3&Prime; zoom_width=\u00a0\u00bb0&Prime; zoom_height=\u00a0\u00bb0&Prime; width=\u00a0\u00bb1\/4&Prime;][vc_custom_heading heading_semantic=\u00a0\u00bbh5&Prime; text_size=\u00a0\u00bbh5&Prime;]Contactez-nous[\/vc_custom_heading][vc_column_text]<a href=\"mailto:residence.mary.elizabeth@gmail.com\">Envoyez nous un courriel<\/a><br \/>\n+1 (450) 699-5959[\/vc_column_text][\/vc_column][\/vc_row]<\/p>\n<\/section>","protected":false},"excerpt":{"rendered":"<p>[vc_section][vc_row row_height_percent=\u00a0\u00bb0&Prime; overlay_alpha=\u00a0\u00bb50&Prime; gutter_size=\u00a0\u00bb3&Prime; column_width_percent=\u00a0\u00bb100&Prime; shift_y=\u00a0\u00bb0&Prime; z_index=\u00a0\u00bb0&Prime; mobile_visibility=\u00a0\u00bbyes\u00a0\u00bb][vc_column column_width_percent=\u00a0\u00bb100&Prime; position_vertical=\u00a0\u00bbmiddle\u00a0\u00bb align_horizontal=\u00a0\u00bbalign_right\u00a0\u00bb gutter_size=\u00a0\u00bb3&Prime; overlay_alpha=\u00a0\u00bb50&Prime; shift_x=\u00a0\u00bb0&Prime; shift_y=\u00a0\u00bb0&Prime; shift_y_down=\u00a0\u00bb0&Prime; z_index=\u00a0\u00bb0&Prime; medium_width=\u00a0\u00bb0&Prime; mobile_width=\u00a0\u00bb0&Prime; width=\u00a0\u00bb2\/6&Prime;][vc_custom_heading [&hellip;]<\/p>","protected":false},"author":3,"featured_media":0,"parent":0,"menu_order":0,"comment_status":"closed","ping_status":"closed","template":"","meta":{"footnotes":""},"class_list":["post-24","page","type-page","status-publish","hentry"],"_links":{"self":[{"href":"https:\/\/www.residencemaryelizabeth.com\/en\/wp-json\/wp\/v2\/pages\/24","targetHints":{"allow":["GET"]}}],"collection":[{"href":"https:\/\/www.residencemaryelizabeth.com\/en\/wp-json\/wp\/v2\/pages"}],"about":[{"href":"https:\/\/www.residencemaryelizabeth.com\/en\/wp-json\/wp\/v2\/types\/page"}],"author":[{"embeddable":true,"href":"https:\/\/www.residencemaryelizabeth.com\/en\/wp-json\/wp\/v2\/users\/3"}],"replies":[{"embeddable":true,"href":"https:\/\/www.residencemaryelizabeth.com\/en\/wp-json\/wp\/v2\/comments?post=24"}],"version-history":[{"count":11,"href":"https:\/\/www.residencemaryelizabeth.com\/en\/wp-json\/wp\/v2\/pages\/24\/revisions"}],"predecessor-version":[{"id":538,"href":"https:\/\/www.residencemaryelizabeth.com\/en\/wp-json\/wp\/v2\/pages\/24\/revisions\/538"}],"wp:attachment":[{"href":"https:\/\/www.residencemaryelizabeth.com\/en\/wp-json\/wp\/v2\/media?parent=24"}],"curies":[{"name":"wp","href":"https:\/\/api.w.org\/{rel}","templated":true}]}}