{"id":26,"date":"2020-06-09T18:20:15","date_gmt":"2020-06-09T18:20:15","guid":{"rendered":"http:\/\/residencedelarive.com\/V2\/?page_id=26"},"modified":"2021-02-11T02:02:07","modified_gmt":"2021-02-11T02:02:07","slug":"liens-utiles","status":"publish","type":"page","link":"https:\/\/www.residencemaryelizabeth.com\/en\/liens-utiles\/","title":{"rendered":"Quick links"},"content":{"rendered":"<section class=\"wpb-content-wrapper\"><p>[vc_section overlay_alpha=\u00a0\u00bb50&Prime; mobile_visibility=\u00a0\u00bbyes\u00a0\u00bb][vc_row][vc_column width=\u00a0\u00bb1\/1&Prime;][vc_empty_space empty_h=\u00a0\u00bb2&Prime;][vc_column_text]<strong>Qu&rsquo;est-ce que le \u00ab Cr\u00e9dit d&rsquo;imp\u00f4t pour maintien \u00e0 domicile d&rsquo;une personne \u00e2g\u00e9e \u00bb ?<\/strong><\/p>\n<p>Vous pourriez avoir droit \u00e0 un cr\u00e9dit d&rsquo;imp\u00f4t remboursable pour des frais li\u00e9s \u00e0 des services de soutien \u00e0 domicile d&rsquo;une personne \u00e2g\u00e9e si vous remplissez les conditions d&rsquo;admissibilit\u00e9.<br \/>\n<a href=\"http:\/\/www.revenu.gouv.qc.ca\/\">www.revenu.gouv.qc.ca<\/a>[\/vc_column_text][vc_single_image media=\u00a0\u00bb90&Prime; media_width_percent=\u00a0\u00bb100&Prime;][vc_column_text]<strong>Programmes et services pour les a\u00een\u00e9s<\/strong><\/p>\n<p>Ce guide contient des renseignements sur les diff\u00e9rents programmes et services offerts aux a\u00een\u00e9s par les minist\u00e8res et organismes gouvernementaux. Ces renseignements sont donn\u00e9s par cat\u00e9gories.<br \/>\n<a href=\"http:\/\/www4.gouv.qc.ca\/FR\/portail\/citoyens\/evenements\/aines\/pages\/accueil.aspx\">www4.gouv.qc.ca<\/a>[\/vc_column_text][vc_single_image media=\u00a0\u00bb90&Prime; media_width_percent=\u00a0\u00bb100&Prime;][vc_column_text]<strong>Appartements de la Rive<\/strong><\/p>\n<p>Profitez de la vie, vivez sans souci! Une autre r\u00e9alisation du Groupe Gagn\u00e9.<br \/>\n<a href=\"http:\/\/www.residencedelarive.com\">www.residencedelarive.com<\/a>[\/vc_column_text][vc_empty_space][\/vc_column][\/vc_row][\/vc_section][vc_section overlay_alpha=\u00a0\u00bb50&Prime; desktop_visibility=\u00a0\u00bbyes\u00a0\u00bb medium_visibility=\u00a0\u00bbyes\u00a0\u00bb][vc_row][vc_column column_width_percent=\u00a0\u00bb100&Prime; align_horizontal=\u00a0\u00bbalign_center\u00a0\u00bb gutter_size=\u00a0\u00bb3&Prime; overlay_alpha=\u00a0\u00bb50&Prime; shift_x=\u00a0\u00bb0&Prime; shift_y=\u00a0\u00bb0&Prime; shift_y_down=\u00a0\u00bb0&Prime; z_index=\u00a0\u00bb0&Prime; medium_width=\u00a0\u00bb0&Prime; mobile_width=\u00a0\u00bb0&Prime; width=\u00a0\u00bb1\/1&Prime;][vc_empty_space empty_h=\u00a0\u00bb2&Prime;][vc_column_text]<strong>Qu&rsquo;est-ce que le \u00ab Cr\u00e9dit d&rsquo;imp\u00f4t pour maintien \u00e0 domicile d&rsquo;une personne \u00e2g\u00e9e \u00bb ?<\/strong><\/p>\n<p>Vous pourriez avoir droit \u00e0 un cr\u00e9dit d&rsquo;imp\u00f4t remboursable pour des frais li\u00e9s \u00e0 des services de soutien \u00e0 domicile d&rsquo;une personne \u00e2g\u00e9e si vous remplissez les conditions d&rsquo;admissibilit\u00e9.<br \/>\n<a href=\"http:\/\/www.revenu.gouv.qc.ca\/\">www.revenu.gouv.qc.ca<\/a>[\/vc_column_text][vc_single_image media=\u00a0\u00bb90&Prime; media_width_percent=\u00a0\u00bb100&Prime;][vc_column_text]<strong>Programmes et services pour les a\u00een\u00e9s<\/strong><\/p>\n<p>Ce guide contient des renseignements sur les diff\u00e9rents programmes et services offerts aux a\u00een\u00e9s par les minist\u00e8res et organismes gouvernementaux. Ces renseignements sont donn\u00e9s par cat\u00e9gories.<br \/>\n<a href=\"http:\/\/www4.gouv.qc.ca\/FR\/portail\/citoyens\/evenements\/aines\/pages\/accueil.aspx\">www4.gouv.qc.ca<\/a>[\/vc_column_text][vc_single_image media=\u00a0\u00bb90&Prime; media_width_percent=\u00a0\u00bb100&Prime;][vc_column_text]<strong>R\u00e9sidence Mary-Elizabeth<\/strong><\/p>\n<p>Profitez de la vie, vivez sans souci! Une autre r\u00e9alisation du Groupe Gagn\u00e9.<br \/>\n<a href=\"https:\/\/www.residencemaryelizabeth.com\/en\/\">www.residencemaryelizabeth.com<\/a>[\/vc_column_text][vc_empty_space][\/vc_column][\/vc_row][\/vc_section][vc_section back_color=\u00a0\u00bbcolor-768005&Prime; overlay_alpha=\u00a0\u00bb50&Prime; mobile_visibility=\u00a0\u00bbyes\u00a0\u00bb][vc_row][vc_column column_width_percent=\u00a0\u00bb100&Prime; position_vertical=\u00a0\u00bbmiddle\u00a0\u00bb gutter_size=\u00a0\u00bb3&Prime; style=\u00a0\u00bbdark\u00a0\u00bb overlay_alpha=\u00a0\u00bb50&Prime; shift_x=\u00a0\u00bb0&Prime; shift_y=\u00a0\u00bb0&Prime; shift_y_down=\u00a0\u00bb0&Prime; z_index=\u00a0\u00bb0&Prime; medium_width=\u00a0\u00bb0&Prime; mobile_width=\u00a0\u00bb0&Prime; width=\u00a0\u00bb4\/6&Prime;][vc_custom_heading heading_semantic=\u00a0\u00bbh4&Prime; text_size=\u00a0\u00bbh4&Prime;]Appelez-nous maintenant afin de connaitre nos disponibilit\u00e9s[\/vc_custom_heading][\/vc_column][vc_column column_width_percent=\u00a0\u00bb100&Prime; position_vertical=\u00a0\u00bbmiddle\u00a0\u00bb align_horizontal=\u00a0\u00bbalign_center\u00a0\u00bb gutter_size=\u00a0\u00bb3&Prime; overlay_alpha=\u00a0\u00bb50&Prime; shift_x=\u00a0\u00bb0&Prime; shift_y=\u00a0\u00bb0&Prime; shift_y_down=\u00a0\u00bb0&Prime; z_index=\u00a0\u00bb0&Prime; medium_width=\u00a0\u00bb0&Prime; mobile_width=\u00a0\u00bb0&Prime; width=\u00a0\u00bb2\/6&Prime;][vc_button button_color=\u00a0\u00bbcolor-850213&Prime; border_width=\u00a0\u00bb0&Prime; link=\u00a0\u00bburl:tel%3A4506995959|||\u00a0\u00bb]+1 (450) 699-5959[\/vc_button][\/vc_column][\/vc_row][\/vc_section][vc_section back_color=\u00a0\u00bbcolor-768005&Prime; overlay_alpha=\u00a0\u00bb50&Prime; desktop_visibility=\u00a0\u00bbyes\u00a0\u00bb medium_visibility=\u00a0\u00bbyes\u00a0\u00bb][vc_row][vc_column column_width_percent=\u00a0\u00bb100&Prime; position_vertical=\u00a0\u00bbmiddle\u00a0\u00bb align_horizontal=\u00a0\u00bbalign_center\u00a0\u00bb gutter_size=\u00a0\u00bb3&Prime; style=\u00a0\u00bbdark\u00a0\u00bb overlay_alpha=\u00a0\u00bb50&Prime; shift_x=\u00a0\u00bb0&Prime; shift_y=\u00a0\u00bb0&Prime; shift_y_down=\u00a0\u00bb0&Prime; z_index=\u00a0\u00bb0&Prime; medium_width=\u00a0\u00bb0&Prime; mobile_width=\u00a0\u00bb0&Prime; width=\u00a0\u00bb4\/6&Prime;][vc_custom_heading heading_semantic=\u00a0\u00bbh4&Prime; text_size=\u00a0\u00bbh4&Prime;]Appelez-nous maintenant afin de connaitre nos disponibilit\u00e9s[\/vc_custom_heading][\/vc_column][vc_column column_width_percent=\u00a0\u00bb100&Prime; position_vertical=\u00a0\u00bbmiddle\u00a0\u00bb align_horizontal=\u00a0\u00bbalign_center\u00a0\u00bb gutter_size=\u00a0\u00bb3&Prime; overlay_alpha=\u00a0\u00bb50&Prime; shift_x=\u00a0\u00bb0&Prime; shift_y=\u00a0\u00bb0&Prime; shift_y_down=\u00a0\u00bb0&Prime; z_index=\u00a0\u00bb0&Prime; medium_width=\u00a0\u00bb0&Prime; mobile_width=\u00a0\u00bb0&Prime; width=\u00a0\u00bb2\/6&Prime;][vc_button button_color=\u00a0\u00bbcolor-850213&Prime; border_width=\u00a0\u00bb0&Prime; link=\u00a0\u00bburl:tel%3A4506277474|||\u00a0\u00bb]+1 (450) 627-7474[\/vc_button][\/vc_column][\/vc_row][\/vc_section][vc_row row_height_percent=\u00a0\u00bb0&Prime; override_padding=\u00a0\u00bbyes\u00a0\u00bb h_padding=\u00a0\u00bb2&Prime; top_padding=\u00a0\u00bb7&Prime; bottom_padding=\u00a0\u00bb7&Prime; back_color=\u00a0\u00bbcolor-520684&Prime; overlay_alpha=\u00a0\u00bb100&Prime; gutter_size=\u00a0\u00bb4&Prime; column_width_percent=\u00a0\u00bb100&Prime; shift_y=\u00a0\u00bb0&Prime; z_index=\u00a0\u00bb0&Prime; mobile_visibility=\u00a0\u00bbyes\u00a0\u00bb][vc_column column_width_percent=\u00a0\u00bb100&Prime; position_horizontal=\u00a0\u00bbleft\u00a0\u00bb gutter_size=\u00a0\u00bb3&Prime; style=\u00a0\u00bbdark\u00a0\u00bb overlay_alpha=\u00a0\u00bb100&Prime; shift_x=\u00a0\u00bb0&Prime; shift_y=\u00a0\u00bb0&Prime; z_index=\u00a0\u00bb0&Prime; medium_width=\u00a0\u00bb3&Prime; mobile_width=\u00a0\u00bb0&Prime; zoom_width=\u00a0\u00bb0&Prime; zoom_height=\u00a0\u00bb0&Prime; width=\u00a0\u00bb1\/4&Prime;][vc_single_image media=\u00a0\u00bb402&Prime; media_width_percent=\u00a0\u00bb60&Prime;][\/vc_column][vc_column column_width_percent=\u00a0\u00bb100&Prime; position_horizontal=\u00a0\u00bbleft\u00a0\u00bb gutter_size=\u00a0\u00bb3&Prime; style=\u00a0\u00bbdark\u00a0\u00bb overlay_alpha=\u00a0\u00bb100&Prime; shift_x=\u00a0\u00bb0&Prime; shift_y=\u00a0\u00bb0&Prime; z_index=\u00a0\u00bb0&Prime; medium_width=\u00a0\u00bb3&Prime; zoom_width=\u00a0\u00bb0&Prime; zoom_height=\u00a0\u00bb0&Prime; width=\u00a0\u00bb1\/4&Prime;][vc_custom_heading heading_semantic=\u00a0\u00bbh5&Prime; text_size=\u00a0\u00bbh5&Prime;]Liens rapides[\/vc_custom_heading][uncode_list icon=\u00a0\u00bbfa fa-arrow-right3&Prime;]<\/p>\n<ul>\n<li><a href=\"#\" rel=\"nofollow noopener\">Home<\/a><\/li>\n<li><a href=\"#\" rel=\"nofollow noopener\">Plans<\/a><\/li>\n<li><a href=\"#\" rel=\"nofollow noopener\">Media<\/a><\/li>\n<li><a href=\"#\" rel=\"nofollow noopener\">FAQ<\/a><\/li>\n<\/ul>\n<p>[\/uncode_list][\/vc_column][vc_column column_width_percent=\u00a0\u00bb100&Prime; position_horizontal=\u00a0\u00bbleft\u00a0\u00bb gutter_size=\u00a0\u00bb3&Prime; style=\u00a0\u00bbdark\u00a0\u00bb overlay_alpha=\u00a0\u00bb100&Prime; shift_x=\u00a0\u00bb0&Prime; shift_y=\u00a0\u00bb0&Prime; z_index=\u00a0\u00bb0&Prime; medium_visibility=\u00a0\u00bbyes\u00a0\u00bb medium_width=\u00a0\u00bb2&Prime; mobile_width=\u00a0\u00bb0&Prime; zoom_width=\u00a0\u00bb0&Prime; zoom_height=\u00a0\u00bb0&Prime; width=\u00a0\u00bb1\/4&Prime;][vc_custom_heading heading_semantic=\u00a0\u00bbh5&Prime; text_size=\u00a0\u00bbh5&Prime;]La r\u00e9sidence[\/vc_custom_heading][vc_column_text]<\/p>\n<div id=\"subfooter\">20, Place Mary-Elizabeth-Noonan, Ch\u00e2teauguay<\/div>\n<div>(Qu\u00e9bec) J6J 0B4<\/div>\n<p>[\/vc_column_text][\/vc_column][vc_column column_width_percent=\u00a0\u00bb100&Prime; position_horizontal=\u00a0\u00bbleft\u00a0\u00bb gutter_size=\u00a0\u00bb3&Prime; style=\u00a0\u00bbdark\u00a0\u00bb overlay_alpha=\u00a0\u00bb100&Prime; shift_x=\u00a0\u00bb0&Prime; shift_y=\u00a0\u00bb0&Prime; z_index=\u00a0\u00bb0&Prime; medium_width=\u00a0\u00bb3&Prime; zoom_width=\u00a0\u00bb0&Prime; zoom_height=\u00a0\u00bb0&Prime; width=\u00a0\u00bb1\/4&Prime;][vc_custom_heading heading_semantic=\u00a0\u00bbh5&Prime; text_size=\u00a0\u00bbh5&Prime;]Contactez-nous[\/vc_custom_heading][vc_column_text]<a href=\"mailto:residence.mary.elizabeth@gmail.com\">Envoyez nous un courriel<\/a><br \/>\n+1 (450) 699-5959[\/vc_column_text][\/vc_column][\/vc_row]<\/p>\n<\/section>","protected":false},"excerpt":{"rendered":"<p>[vc_section overlay_alpha=\u00a0\u00bb50&Prime; mobile_visibility=\u00a0\u00bbyes\u00a0\u00bb][vc_row][vc_column width=\u00a0\u00bb1\/1&Prime;][vc_empty_space empty_h=\u00a0\u00bb2&Prime;][vc_column_text]Qu&rsquo;est-ce que le \u00ab Cr\u00e9dit d&rsquo;imp\u00f4t pour maintien \u00e0 domicile d&rsquo;une personne \u00e2g\u00e9e \u00bb ? Vous [&hellip;]<\/p>","protected":false},"author":3,"featured_media":0,"parent":0,"menu_order":0,"comment_status":"closed","ping_status":"closed","template":"","meta":{"footnotes":""},"class_list":["post-26","page","type-page","status-publish","hentry"],"_links":{"self":[{"href":"https:\/\/www.residencemaryelizabeth.com\/en\/wp-json\/wp\/v2\/pages\/26","targetHints":{"allow":["GET"]}}],"collection":[{"href":"https:\/\/www.residencemaryelizabeth.com\/en\/wp-json\/wp\/v2\/pages"}],"about":[{"href":"https:\/\/www.residencemaryelizabeth.com\/en\/wp-json\/wp\/v2\/types\/page"}],"author":[{"embeddable":true,"href":"https:\/\/www.residencemaryelizabeth.com\/en\/wp-json\/wp\/v2\/users\/3"}],"replies":[{"embeddable":true,"href":"https:\/\/www.residencemaryelizabeth.com\/en\/wp-json\/wp\/v2\/comments?post=26"}],"version-history":[{"count":14,"href":"https:\/\/www.residencemaryelizabeth.com\/en\/wp-json\/wp\/v2\/pages\/26\/revisions"}],"predecessor-version":[{"id":540,"href":"https:\/\/www.residencemaryelizabeth.com\/en\/wp-json\/wp\/v2\/pages\/26\/revisions\/540"}],"wp:attachment":[{"href":"https:\/\/www.residencemaryelizabeth.com\/en\/wp-json\/wp\/v2\/media?parent=26"}],"curies":[{"name":"wp","href":"https:\/\/api.w.org\/{rel}","templated":true}]}}