{"id":332,"date":"2020-07-07T20:01:19","date_gmt":"2020-07-07T20:01:19","guid":{"rendered":"http:\/\/residencedelarive.com\/V2\/?page_id=332"},"modified":"2021-02-11T02:02:15","modified_gmt":"2021-02-11T02:02:15","slug":"mesures-sanitaire","status":"publish","type":"page","link":"https:\/\/www.residencemaryelizabeth.com\/en\/mesures-sanitaire\/","title":{"rendered":"Sanitary measures"},"content":{"rendered":"<section class=\"wpb-content-wrapper\"><p>[vc_section][vc_row][vc_column column_width_percent=\u00a0\u00bb100&Prime; position_vertical=\u00a0\u00bbmiddle\u00a0\u00bb align_horizontal=\u00a0\u00bbalign_right\u00a0\u00bb gutter_size=\u00a0\u00bb3&Prime; overlay_alpha=\u00a0\u00bb50&Prime; shift_x=\u00a0\u00bb0&Prime; shift_y=\u00a0\u00bb0&Prime; shift_y_down=\u00a0\u00bb0&Prime; z_index=\u00a0\u00bb0&Prime; medium_width=\u00a0\u00bb0&Prime; mobile_width=\u00a0\u00bb0&Prime; width=\u00a0\u00bb2\/6&Prime;][vc_custom_heading heading_semantic=\u00a0\u00bbh3&Prime; text_size=\u00a0\u00bbh3&Prime;]Des questions ?[\/vc_custom_heading][\/vc_column][vc_column column_width_percent=\u00a0\u00bb100&Prime; position_vertical=\u00a0\u00bbmiddle\u00a0\u00bb gutter_size=\u00a0\u00bb3&Prime; overlay_alpha=\u00a0\u00bb50&Prime; shift_x=\u00a0\u00bb0&Prime; shift_y=\u00a0\u00bb0&Prime; shift_y_down=\u00a0\u00bb0&Prime; z_index=\u00a0\u00bb0&Prime; medium_width=\u00a0\u00bb0&Prime; mobile_width=\u00a0\u00bb0&Prime; width=\u00a0\u00bb3\/6&Prime;][vc_column_text]L&rsquo;\u00e9quipe de la r\u00e9sidence Mary-Elizabeth est l\u00e0 pour vous guider dans le processus de recherche de votre nouvelle r\u00e9sidence. Nous sommes l\u00e0 pour vous aider \u00e0 prendre des choix \u00e9clair\u00e9s afin que vous soyez confortable.[\/vc_column_text][\/vc_column][vc_column width=\u00a0\u00bb1\/6&Prime;][\/vc_column][\/vc_row][vc_row][vc_column width=\u00a0\u00bb1\/1&Prime;][vc_column_text]Face \u00e0 la situation, nous tenons \u00e0 vous rassurer que nous avons d\u00e9ploy\u00e9 tous les efforts pour prot\u00e9ger nos r\u00e9sidents et employ\u00e9s ce qui nous a permis de ne pas avoir eu de cas dans la r\u00e9sidence.<\/p>\n<p>Nous respectons toutes les consignes sanitaires et avons mis de l\u2019avant processus et protocoles internes afin que chaque r\u00e9sident se sente en s\u00e9curit\u00e9 et bien gard\u00e9.<\/p>\n<p>Parmi ces mesures\u00a0:<\/p>\n<p>&nbsp;<\/p>\n<ul>\n<li>Les visiteurs sont tous test\u00e9s en entrant afin de v\u00e9rifier s\u2019ils n\u2019ont aucun sympt\u00f4mes<\/li>\n<\/ul>\n<ul>\n<li>Les r\u00e8gles de distanciation sont strictement appliqu\u00e9es<\/li>\n<\/ul>\n<ul>\n<li>Les repas sont pris dans la salle \u00e0 manger<\/li>\n<\/ul>\n<ul>\n<li>Toutes les aires communes sont r\u00e9guli\u00e8rement d\u00e9sinfect\u00e9es.<\/li>\n<\/ul>\n<ul>\n<li>Nos employ\u00e9s respectent tous les r\u00e8gles \u00e9tablis par le CISSS de la Mont\u00e9r\u00e9gie<\/li>\n<\/ul>\n<ul>\n<li>Nos employ\u00e9s sont \u00e0 l\u2019emploi exclusif de la r\u00e9sidence Mary Elizabeth<\/li>\n<\/ul>\n<ul>\n<li>Nous avons ajout\u00e9 du personnel pour l\u2019organisation du quotidien et pour r\u00e9pondre aux demandes et besoins des r\u00e9sidents<\/li>\n<\/ul>\n<ul>\n<li>Des gardiens supervisent l\u2019int\u00e9rieur et l\u2019ext\u00e9rieur de la r\u00e9sidence<\/li>\n<\/ul>\n<ul>\n<li>Les ascenseurs sont d\u00e9sinfect\u00e9s \u00e0 toutes les 3 heures ainsi que toutes les portes, poign\u00e9es et cadrages des corridors de circulation<\/li>\n<\/ul>\n<ul>\n<li>Les retours de l\u2019h\u00f4pital sont accept\u00e9s \u00e0 condition d\u2019avoir \u00e9t\u00e9 test\u00e9 n\u00e9gatif \u00e0 la Covid-19.<\/li>\n<\/ul>\n<p>&nbsp;<\/p>\n<p>Nous sommes engag\u00e9s \u00e0 vaincre cette crise et \u00e0 garder nos a\u00een\u00e9s et nos employ\u00e9s en sant\u00e9. Nous vous remercions de votre collaboration. Ensemble nous y arriverons.[\/vc_column_text][vc_empty_space empty_h=\u00a0\u00bb2&Prime;][\/vc_column][\/vc_row][\/vc_section][vc_section back_color=\u00a0\u00bbcolor-768005&Prime; overlay_alpha=\u00a0\u00bb50&Prime;][vc_row][vc_column column_width_percent=\u00a0\u00bb100&Prime; position_vertical=\u00a0\u00bbmiddle\u00a0\u00bb gutter_size=\u00a0\u00bb3&Prime; style=\u00a0\u00bbdark\u00a0\u00bb overlay_alpha=\u00a0\u00bb50&Prime; shift_x=\u00a0\u00bb0&Prime; shift_y=\u00a0\u00bb0&Prime; shift_y_down=\u00a0\u00bb0&Prime; z_index=\u00a0\u00bb0&Prime; medium_width=\u00a0\u00bb0&Prime; mobile_width=\u00a0\u00bb0&Prime; width=\u00a0\u00bb4\/6&Prime;][vc_custom_heading heading_semantic=\u00a0\u00bbh4&Prime; text_size=\u00a0\u00bbh4&Prime;]Appelez-nous maintenant afin de connaitre nos disponibilit\u00e9s[\/vc_custom_heading][\/vc_column][vc_column column_width_percent=\u00a0\u00bb100&Prime; position_vertical=\u00a0\u00bbmiddle\u00a0\u00bb align_horizontal=\u00a0\u00bbalign_center\u00a0\u00bb gutter_size=\u00a0\u00bb3&Prime; overlay_alpha=\u00a0\u00bb50&Prime; shift_x=\u00a0\u00bb0&Prime; shift_y=\u00a0\u00bb0&Prime; shift_y_down=\u00a0\u00bb0&Prime; z_index=\u00a0\u00bb0&Prime; medium_width=\u00a0\u00bb0&Prime; mobile_width=\u00a0\u00bb0&Prime; width=\u00a0\u00bb2\/6&Prime;][vc_button button_color=\u00a0\u00bbcolor-850213&Prime; border_width=\u00a0\u00bb0&Prime; link=\u00a0\u00bburl:tel%3A4506995959|||\u00a0\u00bb]+1 (450) 699-5959[\/vc_button][\/vc_column][\/vc_row][\/vc_section][vc_row row_height_percent=\u00a0\u00bb0&Prime; override_padding=\u00a0\u00bbyes\u00a0\u00bb h_padding=\u00a0\u00bb2&Prime; top_padding=\u00a0\u00bb7&Prime; bottom_padding=\u00a0\u00bb7&Prime; back_color=\u00a0\u00bbcolor-520684&Prime; overlay_alpha=\u00a0\u00bb100&Prime; gutter_size=\u00a0\u00bb4&Prime; column_width_percent=\u00a0\u00bb100&Prime; shift_y=\u00a0\u00bb0&Prime; z_index=\u00a0\u00bb0&Prime; mobile_visibility=\u00a0\u00bbyes\u00a0\u00bb][vc_column column_width_percent=\u00a0\u00bb100&Prime; position_horizontal=\u00a0\u00bbleft\u00a0\u00bb gutter_size=\u00a0\u00bb3&Prime; style=\u00a0\u00bbdark\u00a0\u00bb overlay_alpha=\u00a0\u00bb100&Prime; shift_x=\u00a0\u00bb0&Prime; shift_y=\u00a0\u00bb0&Prime; z_index=\u00a0\u00bb0&Prime; medium_width=\u00a0\u00bb3&Prime; mobile_width=\u00a0\u00bb0&Prime; zoom_width=\u00a0\u00bb0&Prime; zoom_height=\u00a0\u00bb0&Prime; width=\u00a0\u00bb1\/4&Prime;][vc_single_image media=\u00a0\u00bb402&Prime; media_width_percent=\u00a0\u00bb60&Prime;][\/vc_column][vc_column column_width_percent=\u00a0\u00bb100&Prime; position_horizontal=\u00a0\u00bbleft\u00a0\u00bb gutter_size=\u00a0\u00bb3&Prime; style=\u00a0\u00bbdark\u00a0\u00bb overlay_alpha=\u00a0\u00bb100&Prime; shift_x=\u00a0\u00bb0&Prime; shift_y=\u00a0\u00bb0&Prime; z_index=\u00a0\u00bb0&Prime; medium_width=\u00a0\u00bb3&Prime; zoom_width=\u00a0\u00bb0&Prime; zoom_height=\u00a0\u00bb0&Prime; width=\u00a0\u00bb1\/4&Prime;][vc_custom_heading heading_semantic=\u00a0\u00bbh5&Prime; text_size=\u00a0\u00bbh5&Prime;]Liens rapides[\/vc_custom_heading][uncode_list icon=\u00a0\u00bbfa fa-arrow-right3&Prime;]<\/p>\n<ul>\n<li><a href=\"#\" rel=\"nofollow noopener\">Home<\/a><\/li>\n<li><a href=\"#\" rel=\"nofollow noopener\">Plans<\/a><\/li>\n<li><a href=\"#\" rel=\"nofollow noopener\">Media<\/a><\/li>\n<li><a href=\"#\" rel=\"nofollow noopener\">FAQ<\/a><\/li>\n<\/ul>\n<p>[\/uncode_list][\/vc_column][vc_column column_width_percent=\u00a0\u00bb100&Prime; position_horizontal=\u00a0\u00bbleft\u00a0\u00bb gutter_size=\u00a0\u00bb3&Prime; style=\u00a0\u00bbdark\u00a0\u00bb overlay_alpha=\u00a0\u00bb100&Prime; shift_x=\u00a0\u00bb0&Prime; shift_y=\u00a0\u00bb0&Prime; z_index=\u00a0\u00bb0&Prime; medium_visibility=\u00a0\u00bbyes\u00a0\u00bb medium_width=\u00a0\u00bb2&Prime; mobile_width=\u00a0\u00bb0&Prime; zoom_width=\u00a0\u00bb0&Prime; zoom_height=\u00a0\u00bb0&Prime; width=\u00a0\u00bb1\/4&Prime;][vc_custom_heading heading_semantic=\u00a0\u00bbh5&Prime; text_size=\u00a0\u00bbh5&Prime;]La r\u00e9sidence[\/vc_custom_heading][vc_column_text]<\/p>\n<div id=\"subfooter\">20, Place Mary-Elizabeth-Noonan, Ch\u00e2teauguay<\/div>\n<div>(Qu\u00e9bec) J6J 0B4<\/div>\n<p>[\/vc_column_text][\/vc_column][vc_column column_width_percent=\u00a0\u00bb100&Prime; position_horizontal=\u00a0\u00bbleft\u00a0\u00bb gutter_size=\u00a0\u00bb3&Prime; style=\u00a0\u00bbdark\u00a0\u00bb overlay_alpha=\u00a0\u00bb100&Prime; shift_x=\u00a0\u00bb0&Prime; shift_y=\u00a0\u00bb0&Prime; z_index=\u00a0\u00bb0&Prime; medium_width=\u00a0\u00bb3&Prime; zoom_width=\u00a0\u00bb0&Prime; zoom_height=\u00a0\u00bb0&Prime; width=\u00a0\u00bb1\/4&Prime;][vc_custom_heading heading_semantic=\u00a0\u00bbh5&Prime; text_size=\u00a0\u00bbh5&Prime;]Contactez-nous[\/vc_custom_heading][vc_column_text]<a href=\"mailto:residence.mary.elizabeth@gmail.com\">Envoyez nous un courriel<\/a><br \/>\n+1 (450) 699-5959[\/vc_column_text][\/vc_column][\/vc_row]<\/p>\n<\/section>","protected":false},"excerpt":{"rendered":"<p>[vc_section][vc_row][vc_column column_width_percent=\u00a0\u00bb100&Prime; position_vertical=\u00a0\u00bbmiddle\u00a0\u00bb align_horizontal=\u00a0\u00bbalign_right\u00a0\u00bb gutter_size=\u00a0\u00bb3&Prime; overlay_alpha=\u00a0\u00bb50&Prime; shift_x=\u00a0\u00bb0&Prime; shift_y=\u00a0\u00bb0&Prime; shift_y_down=\u00a0\u00bb0&Prime; z_index=\u00a0\u00bb0&Prime; medium_width=\u00a0\u00bb0&Prime; mobile_width=\u00a0\u00bb0&Prime; width=\u00a0\u00bb2\/6&Prime;][vc_custom_heading heading_semantic=\u00a0\u00bbh3&Prime; text_size=\u00a0\u00bbh3&Prime;]Des questions ?[\/vc_custom_heading][\/vc_column][vc_column column_width_percent=\u00a0\u00bb100&Prime; position_vertical=\u00a0\u00bbmiddle\u00a0\u00bb gutter_size=\u00a0\u00bb3&Prime; [&hellip;]<\/p>","protected":false},"author":3,"featured_media":0,"parent":0,"menu_order":0,"comment_status":"closed","ping_status":"closed","template":"","meta":{"footnotes":""},"class_list":["post-332","page","type-page","status-publish","hentry"],"_links":{"self":[{"href":"https:\/\/www.residencemaryelizabeth.com\/en\/wp-json\/wp\/v2\/pages\/332","targetHints":{"allow":["GET"]}}],"collection":[{"href":"https:\/\/www.residencemaryelizabeth.com\/en\/wp-json\/wp\/v2\/pages"}],"about":[{"href":"https:\/\/www.residencemaryelizabeth.com\/en\/wp-json\/wp\/v2\/types\/page"}],"author":[{"embeddable":true,"href":"https:\/\/www.residencemaryelizabeth.com\/en\/wp-json\/wp\/v2\/users\/3"}],"replies":[{"embeddable":true,"href":"https:\/\/www.residencemaryelizabeth.com\/en\/wp-json\/wp\/v2\/comments?post=332"}],"version-history":[{"count":6,"href":"https:\/\/www.residencemaryelizabeth.com\/en\/wp-json\/wp\/v2\/pages\/332\/revisions"}],"predecessor-version":[{"id":541,"href":"https:\/\/www.residencemaryelizabeth.com\/en\/wp-json\/wp\/v2\/pages\/332\/revisions\/541"}],"wp:attachment":[{"href":"https:\/\/www.residencemaryelizabeth.com\/en\/wp-json\/wp\/v2\/media?parent=332"}],"curies":[{"name":"wp","href":"https:\/\/api.w.org\/{rel}","templated":true}]}}